{"id":72,"date":"2024-10-24T19:15:22","date_gmt":"2024-10-24T15:45:22","guid":{"rendered":"https:\/\/chemiekas.alefserver.ir\/de\/?page_id=72"},"modified":"2024-11-02T23:38:59","modified_gmt":"2024-11-02T20:08:59","slug":"about-us","status":"publish","type":"page","link":"https:\/\/www.chemiekas.at\/de\/about-us\/","title":{"rendered":"\u00dcber uns"},"content":{"rendered":"\t\t<div data-elementor-type=\"wp-page\" data-elementor-id=\"72\" class=\"elementor elementor-72\" data-elementor-post-type=\"page\">\n\t\t\t\t<div class=\"elementor-element elementor-element-771ec52 e-flex e-con-boxed e-con e-parent\" data-id=\"771ec52\" data-element_type=\"container\">\n\t\t\t\t\t<div class=\"e-con-inner\">\n\t\t<div class=\"elementor-element elementor-element-c94e084 e-con-full e-flex e-con e-child\" data-id=\"c94e084\" data-element_type=\"container\" data-settings=\"{&quot;background_background&quot;:&quot;classic&quot;}\">\n\t\t\t\t<div class=\"elementor-element elementor-element-3b23157 elementor-widget elementor-widget-heading\" data-id=\"3b23157\" data-element_type=\"widget\" data-widget_type=\"heading.default\">\n\t\t\t\t<div class=\"elementor-widget-container\">\n\t\t\t<h2 class=\"elementor-heading-title elementor-size-default\">\u00dcber uns<\/h2>\t\t<\/div>\n\t\t\t\t<\/div>\n\t\t\t\t<div class=\"elementor-element elementor-element-a25942b elementor-widget elementor-widget-text-editor\" data-id=\"a25942b\" data-element_type=\"widget\" data-widget_type=\"text-editor.default\">\n\t\t\t\t<div class=\"elementor-widget-container\">\n\t\t\t\t\t\t\t<img fetchpriority=\"high\" decoding=\"async\" class=\"alignright wp-image-74 size-full\" src=\"https:\/\/chemiekas.alefserver.ir\/de\/wp-content\/uploads\/2024\/10\/e.jpg\" alt=\"\" width=\"275\" height=\"183\" \/>Die Polymer-, Metallurgie- und Elektro-Industrie sind im Fluss, immer in Bewegung.\n\nDeshalb sind Unternehmer stets damit besch\u00e4ftigt, den Handel und die Herstellung Ihrer Produkte zu verbessern.\n\nSie m\u00fcssen immer auf dem neusten Stand sein, d.h. im Detail:\n\nNeue Technologien, neue Produktionsweisen, innovatives Material, umweltfreundliche Produkte um wettbewerbsf\u00e4hig zu sein.\n\nUnternehmer bevorzugen Lieferanten, die bereit sind, Ver\u00e4nderungen im Bereich der Produktion, Technologie und Umwelt zu erkennen und w\u00e4hlen diejenigen aus, die schnell darauf reagieren.\n\n\nDie Chemiekas GmbH ist verf\u00fcgbar auf den oben erw\u00e4hnten Feldern f\u00fcr unsere Kundschaft ohne Unterbrechung.\n\nWir anbieten eine breite Auswahl von Materialien mit Hilfe unseres erfahrenen Teams f\u00fcr die globalen M\u00e4rkte.\n\n\nUnser Fokus liegt vor allem auf der Kunststoff (den Standard- Plastik, dem \u201eEngineering\u201c, sowie den Hochleistungs-Kunststoffen), den verschiedenen Gummiarten und Zusatzstoffen\nin der Polymer-Industrie.\n\nDie Formulierung und Herstellung von Polymer-Blenden, Kunststoff Verfestigung und Verst\u00e4rkung, sowie Gummi in verschiedenen Ausf\u00fchrungen wird ebenfalls durch  uns gef\u00fchrt.\n\nWeiterhin geh\u00f6ren biologisch abbaubare Kunststoffe, Nanokompositen und Feedstock Materialen f\u00fcr den Pulverspritzguss (PIM) zu unserer Angebotspalette.\n\nEin weiteres Spezialgebiet der Chemiekas GmbH ist die Auff\u00fchrung der neuesten Forschungsergebnisse in der Polymer- und PIM-Forschung.\n\nDie verschiedensten Projekte von uns werden dbzgl. Studiert. Hierbei stehen die Themen von Kunststoffen in Form von PE, PP, PS, SAN und ABS im Mittelpunkt. Momentan arbeiten wir an der Biokompatibilit\u00e4t der Hochleistungs- Nano-Komposite.\n\nWir m\u00f6chten Sie gern darauf hinweisen, dass wir Ihnen hier nur eine kleine Auswahl unserer Kompetenzen und Erzeugnisse vorgestellt haben. Gern erweitern wir unsere Produktpalette auf Anfrage.\n\nIhre Fragen und Vorschl\u00e4ge sind uns immer willkommen.\n\n\t\t\t\t\t\t<\/div>\n\t\t\t\t<\/div>\n\t\t\t\t<\/div>\n\t\t\t\t\t<\/div>\n\t\t\t\t<\/div>\n\t\t\t\t<\/div>\n\t\t","protected":false},"excerpt":{"rendered":"<p>\u00dcber uns Die Polymer-, Metallurgie- und Elektro-Industrie sind im Fluss, immer in Bewegung. Deshalb sind Unternehmer stets damit besch\u00e4ftigt, den Handel und die Herstellung Ihrer Produkte zu verbessern. Sie m\u00fcssen immer auf dem neusten Stand sein, d.h. im Detail: Neue Technologien, neue Produktionsweisen, innovatives Material, umweltfreundliche Produkte um wettbewerbsf\u00e4hig zu sein. Unternehmer bevorzugen Lieferanten, die [&hellip;]<\/p>\n","protected":false},"author":1,"featured_media":0,"parent":0,"menu_order":0,"comment_status":"closed","ping_status":"closed","template":"","meta":{"_acf_changed":false,"footnotes":""},"class_list":["post-72","page","type-page","status-publish","hentry"],"acf":[],"_links":{"self":[{"href":"https:\/\/www.chemiekas.at\/de\/wp-json\/wp\/v2\/pages\/72","targetHints":{"allow":["GET"]}}],"collection":[{"href":"https:\/\/www.chemiekas.at\/de\/wp-json\/wp\/v2\/pages"}],"about":[{"href":"https:\/\/www.chemiekas.at\/de\/wp-json\/wp\/v2\/types\/page"}],"author":[{"embeddable":true,"href":"https:\/\/www.chemiekas.at\/de\/wp-json\/wp\/v2\/users\/1"}],"replies":[{"embeddable":true,"href":"https:\/\/www.chemiekas.at\/de\/wp-json\/wp\/v2\/comments?post=72"}],"version-history":[{"count":10,"href":"https:\/\/www.chemiekas.at\/de\/wp-json\/wp\/v2\/pages\/72\/revisions"}],"predecessor-version":[{"id":182,"href":"https:\/\/www.chemiekas.at\/de\/wp-json\/wp\/v2\/pages\/72\/revisions\/182"}],"wp:attachment":[{"href":"https:\/\/www.chemiekas.at\/de\/wp-json\/wp\/v2\/media?parent=72"}],"curies":[{"name":"wp","href":"https:\/\/api.w.org\/{rel}","templated":true}]}}