{"id":121,"date":"2024-10-25T20:53:32","date_gmt":"2024-10-25T17:23:32","guid":{"rendered":"https:\/\/chemiekas.alefserver.ir\/de\/?page_id=121"},"modified":"2024-11-03T19:56:02","modified_gmt":"2024-11-03T16:26:02","slug":"powder-injection-molding","status":"publish","type":"page","link":"https:\/\/www.chemiekas.at\/de\/powder-injection-molding\/","title":{"rendered":"Powder Injection molding"},"content":{"rendered":"\t\t<div data-elementor-type=\"wp-page\" data-elementor-id=\"121\" class=\"elementor elementor-121\" data-elementor-post-type=\"page\">\n\t\t\t\t<div class=\"elementor-element elementor-element-e3594b7 e-flex e-con-boxed e-con e-parent\" data-id=\"e3594b7\" data-element_type=\"container\">\n\t\t\t\t\t<div class=\"e-con-inner\">\n\t\t<div class=\"elementor-element elementor-element-8108412 e-con-full e-flex e-con e-child\" data-id=\"8108412\" data-element_type=\"container\" data-settings=\"{&quot;background_background&quot;:&quot;classic&quot;}\">\n\t\t<div class=\"elementor-element elementor-element-dfef6d7 e-con-full e-flex e-con e-child\" data-id=\"dfef6d7\" data-element_type=\"container\">\n\t\t\t\t<div class=\"elementor-element elementor-element-95c0cd9 elementor-widget elementor-widget-heading\" data-id=\"95c0cd9\" data-element_type=\"widget\" data-widget_type=\"heading.default\">\n\t\t\t\t<div class=\"elementor-widget-container\">\n\t\t\t<h2 class=\"elementor-heading-title elementor-size-default\">Pulverspritzgu\u00df (PIM)<\/h2>\t\t<\/div>\n\t\t\t\t<\/div>\n\t\t\t\t<div class=\"elementor-element elementor-element-df82b32 elementor-widget elementor-widget-text-editor\" data-id=\"df82b32\" data-element_type=\"widget\" data-widget_type=\"text-editor.default\">\n\t\t\t\t<div class=\"elementor-widget-container\">\n\t\t\t\t\t\t\t<img fetchpriority=\"high\" decoding=\"async\" class=\"alignright size-full wp-image-123\" src=\"https:\/\/chemiekas.alefserver.ir\/de\/wp-content\/uploads\/2024\/10\/Metal_Injection_Molding_Mim_Parts.jpg\" alt=\"\" width=\"500\" height=\"364\" \/>Pulverspritzgu\u00df (PIM) ist eine wirtschaftliche Produktionsmethode f\u00fcr kleine, komplex geformte und hochpr\u00e4zise Bauteile. Dabei wird zun\u00e4chst ein metallisches oder keramisches Pulver mit einer Polymerphase (\u201eBinder\u201c) intensiv gemischt. Der erhaltene \u201efeedstock\u201c wird durch Spritzgie\u00dfen zu einem \u201eGr\u00fcnteil\u201c geformt. Anschlie\u00dfend wird durch \u201eEntbindern\u201c der Gro\u00dfteil des organischen Binders entfernt, dabei wird der sog. \u201eBr\u00e4unling\u201c erhalten, der nur durch einen Binderrest (\u201ebackbone\u201c) formstabil gehalten wird . Dieser Teil wird dann gesintert, wobei zun\u00e4chst in einem Vorsinterschritt der restliche Binder ausgebrannt wird; anschlie\u00dfend wird das Bauteil bei entsprechender Temperatur auf hohe relative Dichte zum fertigen Bauteil gesintert, mit entsprechender Schwindung.\t\t\t\t\t\t<\/div>\n\t\t\t\t<\/div>\n\t\t\t\t<\/div>\n\t\t\t\t<\/div>\n\t\t\t\t\t<\/div>\n\t\t\t\t<\/div>\n\t\t<div class=\"elementor-element elementor-element-c363e6a e-flex e-con-boxed e-con e-parent\" data-id=\"c363e6a\" data-element_type=\"container\">\n\t\t\t\t\t<div class=\"e-con-inner\">\n\t\t<div class=\"elementor-element elementor-element-0ff62db e-con-full e-flex e-con e-child\" data-id=\"0ff62db\" data-element_type=\"container\" data-settings=\"{&quot;background_background&quot;:&quot;classic&quot;}\">\n\t\t<div class=\"elementor-element elementor-element-d74eb63 e-con-full e-flex e-con e-child\" data-id=\"d74eb63\" data-element_type=\"container\">\n\t\t\t\t<div class=\"elementor-element elementor-element-9018729 elementor-widget elementor-widget-heading\" data-id=\"9018729\" data-element_type=\"widget\" data-widget_type=\"heading.default\">\n\t\t\t\t<div class=\"elementor-widget-container\">\n\t\t\t<h2 class=\"elementor-heading-title elementor-size-default\">1 \u2013 Mixing and processing  <\/h2>\t\t<\/div>\n\t\t\t\t<\/div>\n\t\t\t\t<\/div>\n\t\t<div class=\"elementor-element elementor-element-7747edb e-con-full e-flex e-con e-child\" data-id=\"7747edb\" data-element_type=\"container\">\n\t\t\t\t<div class=\"elementor-element elementor-element-e018b21 elementor-widget elementor-widget-image\" data-id=\"e018b21\" data-element_type=\"widget\" data-widget_type=\"image.default\">\n\t\t\t\t<div class=\"elementor-widget-container\">\n\t\t\t\t\t\t\t\t\t\t\t\t\t<img decoding=\"async\" width=\"344\" height=\"497\" src=\"https:\/\/www.chemiekas.at\/de\/wp-content\/uploads\/2024\/10\/x.jpg\" class=\"attachment-large size-large wp-image-131\" alt=\"\" \/>\t\t\t\t\t\t\t\t\t\t\t\t\t<\/div>\n\t\t\t\t<\/div>\n\t\t\t\t<div class=\"elementor-element elementor-element-91c8df6 elementor-widget elementor-widget-image\" data-id=\"91c8df6\" data-element_type=\"widget\" data-widget_type=\"image.default\">\n\t\t\t\t<div class=\"elementor-widget-container\">\n\t\t\t\t\t\t\t\t\t\t\t\t\t<img decoding=\"async\" width=\"302\" height=\"226\" src=\"https:\/\/www.chemiekas.at\/de\/wp-content\/uploads\/2024\/10\/y.jpg\" class=\"attachment-large size-large wp-image-130\" alt=\"\" \/>\t\t\t\t\t\t\t\t\t\t\t\t\t<\/div>\n\t\t\t\t<\/div>\n\t\t\t\t<\/div>\n\t\t\t\t<\/div>\n\t\t\t\t\t<\/div>\n\t\t\t\t<\/div>\n\t\t<div class=\"elementor-element elementor-element-0bda541 e-flex e-con-boxed e-con e-parent\" data-id=\"0bda541\" data-element_type=\"container\">\n\t\t\t\t\t<div class=\"e-con-inner\">\n\t\t<div class=\"elementor-element elementor-element-8f03dee e-con-full e-flex e-con e-child\" data-id=\"8f03dee\" data-element_type=\"container\" data-settings=\"{&quot;background_background&quot;:&quot;classic&quot;}\">\n\t\t<div class=\"elementor-element elementor-element-a5ae0e4 e-con-full e-flex e-con e-child\" data-id=\"a5ae0e4\" data-element_type=\"container\">\n\t\t\t\t<div class=\"elementor-element elementor-element-788064a elementor-widget elementor-widget-heading\" data-id=\"788064a\" data-element_type=\"widget\" data-widget_type=\"heading.default\">\n\t\t\t\t<div class=\"elementor-widget-container\">\n\t\t\t<h2 class=\"elementor-heading-title elementor-size-default\">2 \u2013 Molding<\/h2>\t\t<\/div>\n\t\t\t\t<\/div>\n\t\t\t\t<\/div>\n\t\t<div class=\"elementor-element elementor-element-943c349 e-con-full e-flex e-con e-child\" data-id=\"943c349\" data-element_type=\"container\">\n\t\t\t\t<div class=\"elementor-element elementor-element-5ead404 elementor-widget elementor-widget-image\" data-id=\"5ead404\" data-element_type=\"widget\" data-widget_type=\"image.default\">\n\t\t\t\t<div class=\"elementor-widget-container\">\n\t\t\t\t\t\t\t\t\t\t\t\t\t<img loading=\"lazy\" decoding=\"async\" width=\"580\" height=\"434\" src=\"https:\/\/www.chemiekas.at\/de\/wp-content\/uploads\/2024\/10\/2-1.jpg\" class=\"attachment-large size-large wp-image-132\" alt=\"\" \/>\t\t\t\t\t\t\t\t\t\t\t\t\t<\/div>\n\t\t\t\t<\/div>\n\t\t\t\t<\/div>\n\t\t\t\t<\/div>\n\t\t\t\t\t<\/div>\n\t\t\t\t<\/div>\n\t\t<div class=\"elementor-element elementor-element-58bec49 e-flex e-con-boxed e-con e-parent\" data-id=\"58bec49\" data-element_type=\"container\">\n\t\t\t\t\t<div class=\"e-con-inner\">\n\t\t<div class=\"elementor-element elementor-element-27020ae e-con-full e-flex e-con e-child\" data-id=\"27020ae\" data-element_type=\"container\" data-settings=\"{&quot;background_background&quot;:&quot;classic&quot;}\">\n\t\t<div class=\"elementor-element elementor-element-99cc5dc e-con-full e-flex e-con e-child\" data-id=\"99cc5dc\" data-element_type=\"container\">\n\t\t\t\t<div class=\"elementor-element elementor-element-d7965cd elementor-widget elementor-widget-heading\" data-id=\"d7965cd\" data-element_type=\"widget\" data-widget_type=\"heading.default\">\n\t\t\t\t<div class=\"elementor-widget-container\">\n\t\t\t<h2 class=\"elementor-heading-title elementor-size-default\">3 \u2013 Debinded parts<\/h2>\t\t<\/div>\n\t\t\t\t<\/div>\n\t\t\t\t<\/div>\n\t\t<div class=\"elementor-element elementor-element-3841d4e e-con-full e-flex e-con e-child\" data-id=\"3841d4e\" data-element_type=\"container\">\n\t\t\t\t<div class=\"elementor-element elementor-element-09ba95c elementor-widget elementor-widget-image\" data-id=\"09ba95c\" data-element_type=\"widget\" data-widget_type=\"image.default\">\n\t\t\t\t<div class=\"elementor-widget-container\">\n\t\t\t\t\t\t\t\t\t\t\t\t\t<img loading=\"lazy\" decoding=\"async\" width=\"800\" height=\"537\" src=\"https:\/\/www.chemiekas.at\/de\/wp-content\/uploads\/2024\/10\/3-1.jpg\" class=\"attachment-large size-large wp-image-138\" alt=\"\" \/>\t\t\t\t\t\t\t\t\t\t\t\t\t<\/div>\n\t\t\t\t<\/div>\n\t\t\t\t<div class=\"elementor-element elementor-element-fecccd5 elementor-widget elementor-widget-image\" data-id=\"fecccd5\" data-element_type=\"widget\" data-widget_type=\"image.default\">\n\t\t\t\t<div class=\"elementor-widget-container\">\n\t\t\t\t\t\t\t\t\t\t\t\t\t<img loading=\"lazy\" decoding=\"async\" width=\"556\" height=\"418\" src=\"https:\/\/www.chemiekas.at\/de\/wp-content\/uploads\/2024\/10\/4.jpg\" class=\"attachment-large size-large wp-image-137\" alt=\"\" \/>\t\t\t\t\t\t\t\t\t\t\t\t\t<\/div>\n\t\t\t\t<\/div>\n\t\t\t\t<div class=\"elementor-element elementor-element-2df0af9 elementor-widget elementor-widget-image\" data-id=\"2df0af9\" data-element_type=\"widget\" data-widget_type=\"image.default\">\n\t\t\t\t<div class=\"elementor-widget-container\">\n\t\t\t\t\t\t\t\t\t\t\t\t\t<img loading=\"lazy\" decoding=\"async\" width=\"509\" height=\"383\" src=\"https:\/\/www.chemiekas.at\/de\/wp-content\/uploads\/2024\/10\/5.jpg\" class=\"attachment-large size-large wp-image-136\" alt=\"\" \/>\t\t\t\t\t\t\t\t\t\t\t\t\t<\/div>\n\t\t\t\t<\/div>\n\t\t\t\t<\/div>\n\t\t<div class=\"elementor-element elementor-element-83c716d e-con-full e-flex e-con e-child\" data-id=\"83c716d\" data-element_type=\"container\">\n\t\t\t\t<div class=\"elementor-element elementor-element-65330e1 elementor-widget elementor-widget-image\" data-id=\"65330e1\" data-element_type=\"widget\" data-widget_type=\"image.default\">\n\t\t\t\t<div class=\"elementor-widget-container\">\n\t\t\t\t\t\t\t\t\t\t\t\t\t<img loading=\"lazy\" decoding=\"async\" width=\"605\" height=\"455\" src=\"https:\/\/www.chemiekas.at\/de\/wp-content\/uploads\/2024\/10\/6.jpg\" class=\"attachment-large size-large wp-image-135\" alt=\"\" \/>\t\t\t\t\t\t\t\t\t\t\t\t\t<\/div>\n\t\t\t\t<\/div>\n\t\t\t\t<div class=\"elementor-element elementor-element-98280cf elementor-widget elementor-widget-image\" data-id=\"98280cf\" data-element_type=\"widget\" data-widget_type=\"image.default\">\n\t\t\t\t<div class=\"elementor-widget-container\">\n\t\t\t\t\t\t\t\t\t\t\t\t\t<img loading=\"lazy\" decoding=\"async\" width=\"560\" height=\"541\" src=\"https:\/\/www.chemiekas.at\/de\/wp-content\/uploads\/2024\/10\/7.jpg\" class=\"attachment-large size-large wp-image-134\" alt=\"\" \/>\t\t\t\t\t\t\t\t\t\t\t\t\t<\/div>\n\t\t\t\t<\/div>\n\t\t\t\t<div class=\"elementor-element elementor-element-bd3dbc8 elementor-widget elementor-widget-image\" data-id=\"bd3dbc8\" data-element_type=\"widget\" data-widget_type=\"image.default\">\n\t\t\t\t<div class=\"elementor-widget-container\">\n\t\t\t\t\t\t\t\t\t\t\t\t\t<img loading=\"lazy\" decoding=\"async\" width=\"537\" height=\"507\" src=\"https:\/\/www.chemiekas.at\/de\/wp-content\/uploads\/2024\/10\/8.jpg\" class=\"attachment-large size-large wp-image-133\" alt=\"\" \/>\t\t\t\t\t\t\t\t\t\t\t\t\t<\/div>\n\t\t\t\t<\/div>\n\t\t\t\t<\/div>\n\t\t\t\t<\/div>\n\t\t\t\t\t<\/div>\n\t\t\t\t<\/div>\n\t\t<div class=\"elementor-element elementor-element-7833df7 e-flex e-con-boxed e-con e-parent\" data-id=\"7833df7\" data-element_type=\"container\">\n\t\t\t\t\t<div class=\"e-con-inner\">\n\t\t<div class=\"elementor-element elementor-element-d58c300 e-con-full e-flex e-con e-child\" data-id=\"d58c300\" data-element_type=\"container\" data-settings=\"{&quot;background_background&quot;:&quot;classic&quot;}\">\n\t\t<div class=\"elementor-element elementor-element-cbd9111 e-con-full e-flex e-con e-child\" data-id=\"cbd9111\" data-element_type=\"container\">\n\t\t\t\t<div class=\"elementor-element elementor-element-047566c elementor-widget elementor-widget-heading\" data-id=\"047566c\" data-element_type=\"widget\" data-widget_type=\"heading.default\">\n\t\t\t\t<div class=\"elementor-widget-container\">\n\t\t\t<h2 class=\"elementor-heading-title elementor-size-default\">4- Sintered parts<\/h2>\t\t<\/div>\n\t\t\t\t<\/div>\n\t\t\t\t<\/div>\n\t\t<div class=\"elementor-element elementor-element-85c58e9 e-con-full e-flex e-con e-child\" data-id=\"85c58e9\" data-element_type=\"container\">\n\t\t\t\t<div class=\"elementor-element elementor-element-7132b9e elementor-widget elementor-widget-image\" data-id=\"7132b9e\" data-element_type=\"widget\" data-widget_type=\"image.default\">\n\t\t\t\t<div class=\"elementor-widget-container\">\n\t\t\t\t\t\t\t\t\t\t\t\t\t<img loading=\"lazy\" decoding=\"async\" width=\"691\" height=\"521\" src=\"https:\/\/www.chemiekas.at\/de\/wp-content\/uploads\/2024\/10\/9.jpg\" class=\"attachment-large size-large wp-image-143\" alt=\"\" \/>\t\t\t\t\t\t\t\t\t\t\t\t\t<\/div>\n\t\t\t\t<\/div>\n\t\t\t\t<div class=\"elementor-element elementor-element-497c117 elementor-widget elementor-widget-image\" data-id=\"497c117\" data-element_type=\"widget\" data-widget_type=\"image.default\">\n\t\t\t\t<div class=\"elementor-widget-container\">\n\t\t\t\t\t\t\t\t\t\t\t\t\t<img loading=\"lazy\" decoding=\"async\" width=\"593\" height=\"446\" src=\"https:\/\/www.chemiekas.at\/de\/wp-content\/uploads\/2024\/10\/10.jpg\" class=\"attachment-large size-large wp-image-142\" alt=\"\" \/>\t\t\t\t\t\t\t\t\t\t\t\t\t<\/div>\n\t\t\t\t<\/div>\n\t\t\t\t<div class=\"elementor-element elementor-element-0f27106 elementor-widget elementor-widget-image\" data-id=\"0f27106\" data-element_type=\"widget\" data-widget_type=\"image.default\">\n\t\t\t\t<div class=\"elementor-widget-container\">\n\t\t\t\t\t\t\t\t\t\t\t\t\t<img loading=\"lazy\" decoding=\"async\" width=\"573\" height=\"431\" src=\"https:\/\/www.chemiekas.at\/de\/wp-content\/uploads\/2024\/10\/11.jpg\" class=\"attachment-large size-large wp-image-141\" alt=\"\" \/>\t\t\t\t\t\t\t\t\t\t\t\t\t<\/div>\n\t\t\t\t<\/div>\n\t\t\t\t<\/div>\n\t\t<div class=\"elementor-element elementor-element-7aaa367 e-con-full e-flex e-con e-child\" data-id=\"7aaa367\" data-element_type=\"container\">\n\t\t\t\t<div class=\"elementor-element elementor-element-d6f5594 elementor-widget elementor-widget-image\" data-id=\"d6f5594\" data-element_type=\"widget\" data-widget_type=\"image.default\">\n\t\t\t\t<div class=\"elementor-widget-container\">\n\t\t\t\t\t\t\t\t\t\t\t\t\t<img loading=\"lazy\" decoding=\"async\" width=\"768\" height=\"576\" src=\"https:\/\/www.chemiekas.at\/de\/wp-content\/uploads\/2024\/10\/12.jpg\" class=\"attachment-large size-large wp-image-140\" alt=\"\" \/>\t\t\t\t\t\t\t\t\t\t\t\t\t<\/div>\n\t\t\t\t<\/div>\n\t\t\t\t<div class=\"elementor-element elementor-element-e9084a8 elementor-widget elementor-widget-image\" data-id=\"e9084a8\" data-element_type=\"widget\" data-widget_type=\"image.default\">\n\t\t\t\t<div class=\"elementor-widget-container\">\n\t\t\t\t\t\t\t\t\t\t\t\t\t<img loading=\"lazy\" decoding=\"async\" width=\"800\" height=\"634\" src=\"https:\/\/www.chemiekas.at\/de\/wp-content\/uploads\/2024\/10\/13.jpg\" class=\"attachment-large size-large wp-image-139\" alt=\"\" \/>\t\t\t\t\t\t\t\t\t\t\t\t\t<\/div>\n\t\t\t\t<\/div>\n\t\t\t\t<\/div>\n\t\t\t\t<\/div>\n\t\t\t\t\t<\/div>\n\t\t\t\t<\/div>\n\t\t<div class=\"elementor-element elementor-element-35923ae e-flex e-con-boxed e-con e-parent\" data-id=\"35923ae\" data-element_type=\"container\">\n\t\t\t\t\t<div class=\"e-con-inner\">\n\t\t<div class=\"elementor-element elementor-element-d671c4d e-con-full e-flex e-con e-child\" data-id=\"d671c4d\" data-element_type=\"container\" data-settings=\"{&quot;background_background&quot;:&quot;classic&quot;}\">\n\t\t<div class=\"elementor-element elementor-element-e476340 e-con-full e-flex e-con e-child\" data-id=\"e476340\" data-element_type=\"container\">\n\t\t\t\t<div class=\"elementor-element elementor-element-e940e7b elementor-widget elementor-widget-heading\" data-id=\"e940e7b\" data-element_type=\"widget\" data-widget_type=\"heading.default\">\n\t\t\t\t<div class=\"elementor-widget-container\">\n\t\t\t<h2 class=\"elementor-heading-title elementor-size-default\">12- final metallic parts<\/h2>\t\t<\/div>\n\t\t\t\t<\/div>\n\t\t\t\t<\/div>\n\t\t<div class=\"elementor-element elementor-element-3d05fa6 e-con-full e-flex e-con e-child\" data-id=\"3d05fa6\" data-element_type=\"container\">\n\t\t\t\t<div class=\"elementor-element elementor-element-0d3cb99 elementor-widget elementor-widget-image\" data-id=\"0d3cb99\" data-element_type=\"widget\" data-widget_type=\"image.default\">\n\t\t\t\t<div class=\"elementor-widget-container\">\n\t\t\t\t\t\t\t\t\t\t\t\t\t<img loading=\"lazy\" decoding=\"async\" width=\"313\" height=\"146\" src=\"https:\/\/www.chemiekas.at\/de\/wp-content\/uploads\/2024\/10\/14.jpg\" class=\"attachment-full size-full wp-image-144\" alt=\"\" \/>\t\t\t\t\t\t\t\t\t\t\t\t\t<\/div>\n\t\t\t\t<\/div>\n\t\t\t\t<\/div>\n\t\t\t\t<\/div>\n\t\t\t\t\t<\/div>\n\t\t\t\t<\/div>\n\t\t\t\t<\/div>\n\t\t","protected":false},"excerpt":{"rendered":"<p>Pulverspritzgu\u00df (PIM) Pulverspritzgu\u00df (PIM) ist eine wirtschaftliche Produktionsmethode f\u00fcr kleine, komplex geformte und hochpr\u00e4zise Bauteile. Dabei wird zun\u00e4chst ein metallisches oder keramisches Pulver mit einer Polymerphase (\u201eBinder\u201c) intensiv gemischt. Der erhaltene \u201efeedstock\u201c wird durch Spritzgie\u00dfen zu einem \u201eGr\u00fcnteil\u201c geformt. Anschlie\u00dfend wird durch \u201eEntbindern\u201c der Gro\u00dfteil des organischen Binders entfernt, dabei wird der sog. \u201eBr\u00e4unling\u201c erhalten, [&hellip;]<\/p>\n","protected":false},"author":1,"featured_media":0,"parent":0,"menu_order":0,"comment_status":"closed","ping_status":"closed","template":"","meta":{"_acf_changed":false,"footnotes":""},"class_list":["post-121","page","type-page","status-publish","hentry"],"acf":[],"_links":{"self":[{"href":"https:\/\/www.chemiekas.at\/de\/wp-json\/wp\/v2\/pages\/121","targetHints":{"allow":["GET"]}}],"collection":[{"href":"https:\/\/www.chemiekas.at\/de\/wp-json\/wp\/v2\/pages"}],"about":[{"href":"https:\/\/www.chemiekas.at\/de\/wp-json\/wp\/v2\/types\/page"}],"author":[{"embeddable":true,"href":"https:\/\/www.chemiekas.at\/de\/wp-json\/wp\/v2\/users\/1"}],"replies":[{"embeddable":true,"href":"https:\/\/www.chemiekas.at\/de\/wp-json\/wp\/v2\/comments?post=121"}],"version-history":[{"count":13,"href":"https:\/\/www.chemiekas.at\/de\/wp-json\/wp\/v2\/pages\/121\/revisions"}],"predecessor-version":[{"id":198,"href":"https:\/\/www.chemiekas.at\/de\/wp-json\/wp\/v2\/pages\/121\/revisions\/198"}],"wp:attachment":[{"href":"https:\/\/www.chemiekas.at\/de\/wp-json\/wp\/v2\/media?parent=121"}],"curies":[{"name":"wp","href":"https:\/\/api.w.org\/{rel}","templated":true}]}}